{"id":939,"date":"2023-11-16T13:49:22","date_gmt":"2023-11-16T12:49:22","guid":{"rendered":"https:\/\/nourargues.agencewebguyane.fr\/?page_id=939"},"modified":"2024-08-06T23:16:25","modified_gmt":"2024-08-06T21:16:25","slug":"thematiques-de-recherche","status":"publish","type":"page","link":"https:\/\/cnrs-nouragues.fr\/en\/thematiques-de-recherche\/","title":{"rendered":"Research topics"},"content":{"rendered":"<div data-elementor-type=\"wp-page\" data-elementor-id=\"939\" class=\"elementor elementor-939\" data-elementor-settings=\"{&quot;ha_cmc_init_switcher&quot;:&quot;no&quot;}\" data-elementor-post-type=\"page\">\n\t\t\t\t<div class=\"elementor-element elementor-element-efb4cd0 e-con-full e-flex e-con e-parent\" data-id=\"efb4cd0\" data-element_type=\"container\" data-settings=\"{&quot;_ha_eqh_enable&quot;:false}\">\n\t\t\t\t<div class=\"elementor-element elementor-element-ba3a2d0 elementor-widget elementor-widget-image\" data-id=\"ba3a2d0\" data-element_type=\"widget\" data-widget_type=\"image.default\">\n\t\t\t\t<div class=\"elementor-widget-container\">\n\t\t\t\t\t\t\t\t\t\t\t\t\t\t\t<img decoding=\"async\" src=\"https:\/\/cnrs-nouragues.fr\/wp-content\/uploads\/elementor\/thumbs\/PHOTO-BANDEAU-Activites-Scientifiques-scaled-qm30sbhkrk0ic5dh6ve9n7d5ff6k7u9698lbwyc38w.jpg\" title=\"PHOTO BAND Scientific Activities\" alt=\"PHOTO BANDEAU Activit\u00e9s Scientifiques\" loading=\"lazy\" \/>\t\t\t\t\t\t\t\t\t\t\t\t\t\t\t<\/div>\n\t\t\t\t<\/div>\n\t\t\t\t<\/div>\n\t\t<div class=\"elementor-element elementor-element-3b61828 e-flex e-con-boxed e-con e-parent\" data-id=\"3b61828\" data-element_type=\"container\" data-settings=\"{&quot;_ha_eqh_enable&quot;:false}\">\n\t\t\t\t\t<div class=\"e-con-inner\">\n\t\t\t\t<div class=\"elementor-element elementor-element-ebf56fd elementor-widget elementor-widget-heading\" data-id=\"ebf56fd\" data-element_type=\"widget\" data-widget_type=\"heading.default\">\n\t\t\t\t<div class=\"elementor-widget-container\">\n\t\t\t\t\t<h1 class=\"elementor-heading-title elementor-size-default\">Research topics<\/h1>\t\t\t\t<\/div>\n\t\t\t\t<\/div>\n\t\t\t\t<div class=\"elementor-element elementor-element-489b8b3 elementor-widget elementor-widget-text-editor\" data-id=\"489b8b3\" data-element_type=\"widget\" data-widget_type=\"text-editor.default\">\n\t\t\t\t<div class=\"elementor-widget-container\">\n\t\t\t\t\t\t\t\t\t<p>The Amazon rainforest is a key ecosystem for scientific research due to its incredible biodiversity. With around 10% of the world's known species, it is a reservoir of genetic resources that offer insights into the complex interactions between organisms and their environment. The study of the Amazon rainforest and its dynamics contributes significantly to our understanding of evolutionary mechanisms and the effects of global change on ecosystems.<\/p><p>The Amazon rainforest is also a key place for understanding the history of pre-Columbian civilizations, thanks to the presence of archaeological remains and artifacts.<\/p><p>The main research themes implemented are as follows: dynamics of forest ecosystems, evolutionary ecology, conservation of biodiversity, dynamics of aquatic ecosystems, history of pre-Columbian civilizations.<\/p>\t\t\t\t\t\t\t\t<\/div>\n\t\t\t\t<\/div>\n\t\t<div class=\"elementor-element elementor-element-31f0ecd e-con-full e-flex e-con e-child\" data-id=\"31f0ecd\" data-element_type=\"container\" data-settings=\"{&quot;_ha_eqh_enable&quot;:false}\">\n\t\t\t\t<div class=\"elementor-element elementor-element-f347bf3 animated-slow elementor-invisible elementor-widget elementor-widget-gallery\" data-id=\"f347bf3\" data-element_type=\"widget\" data-settings=\"{&quot;gallery_layout&quot;:&quot;justified&quot;,&quot;ideal_row_height&quot;:{&quot;unit&quot;:&quot;px&quot;,&quot;size&quot;:300,&quot;sizes&quot;:[]},&quot;overlay_title&quot;:&quot;title&quot;,&quot;image_hover_animation&quot;:&quot;grow&quot;,&quot;background_overlay_hover_animation&quot;:&quot;enter-from-bottom&quot;,&quot;_animation&quot;:&quot;fadeIn&quot;,&quot;lazyload&quot;:&quot;yes&quot;,&quot;ideal_row_height_tablet&quot;:{&quot;unit&quot;:&quot;px&quot;,&quot;size&quot;:150,&quot;sizes&quot;:[]},&quot;ideal_row_height_mobile&quot;:{&quot;unit&quot;:&quot;px&quot;,&quot;size&quot;:150,&quot;sizes&quot;:[]},&quot;gap&quot;:{&quot;unit&quot;:&quot;px&quot;,&quot;size&quot;:10,&quot;sizes&quot;:[]},&quot;gap_tablet&quot;:{&quot;unit&quot;:&quot;px&quot;,&quot;size&quot;:10,&quot;sizes&quot;:[]},&quot;gap_mobile&quot;:{&quot;unit&quot;:&quot;px&quot;,&quot;size&quot;:10,&quot;sizes&quot;:[]},&quot;link_to&quot;:&quot;file&quot;,&quot;overlay_background&quot;:&quot;yes&quot;,&quot;content_hover_animation&quot;:&quot;fade-in&quot;}\" data-widget_type=\"gallery.default\">\n\t\t\t\t<div class=\"elementor-widget-container\">\n\t\t\t\t\t\t\t<div class=\"elementor-gallery__container\">\n\t\t\t\t\t\t\t<a class=\"e-gallery-item elementor-gallery-item elementor-animated-content\" href=\"https:\/\/cnrs-nouragues.fr\/wp-content\/uploads\/2024\/03\/Dynamique-de-l_ecosysteme-forestier-scaled.jpg\" data-elementor-open-lightbox=\"yes\" data-elementor-lightbox-slideshow=\"f347bf3\" data-elementor-lightbox-title=\"Dynamique des \u00e9cosyst\u00e8mes forestiers\" data-elementor-lightbox-description=\"Cr\u00e9dit photo : Thibault Cocaing\" data-e-action-hash=\"#elementor-action%3Aaction%3Dlightbox%26settings%3DeyJpZCI6MTQxMCwidXJsIjoiaHR0cHM6XC9cL2NucnMtbm91cmFndWVzLmZyXC93cC1jb250ZW50XC91cGxvYWRzXC8yMDI0XC8wM1wvRHluYW1pcXVlLWRlLWxfZWNvc3lzdGVtZS1mb3Jlc3RpZXItc2NhbGVkLmpwZyIsInNsaWRlc2hvdyI6ImYzNDdiZjMifQ%3D%3D\">\n\t\t\t\t\t<div class=\"e-gallery-image elementor-gallery-item__image\" data-thumbnail=\"https:\/\/cnrs-nouragues.fr\/wp-content\/uploads\/2024\/03\/Dynamique-de-l_ecosysteme-forestier-scaled.jpg\" data-width=\"2560\" data-height=\"1707\" aria-label=\"\" role=\"img\" ><\/div>\n\t\t\t\t\t\t\t\t\t\t\t<div class=\"elementor-gallery-item__overlay\"><\/div>\n\t\t\t\t\t\t\t\t\t\t\t\t\t\t\t<div class=\"elementor-gallery-item__content\">\n\t\t\t\t\t\t\t\t\t\t\t\t\t\t<div class=\"elementor-gallery-item__title\">\n\t\t\t\t\t\t\t\t\t\t\t\t\t\t\t\t\t\tDynamics of forest ecosystems\t\t\t\t\t\t\t\t<\/div>\n\t\t\t\t\t\t\t\t\t\t\t\t<\/div>\n\t\t\t\t\t\t\t\t\t<\/a>\n\t\t\t\t\t\t\t<a class=\"e-gallery-item elementor-gallery-item elementor-animated-content\" href=\"https:\/\/cnrs-nouragues.fr\/wp-content\/uploads\/2024\/03\/Populations-animales.jpg\" data-elementor-open-lightbox=\"yes\" data-elementor-lightbox-slideshow=\"f347bf3\" data-elementor-lightbox-title=\"\u00c9cologie \u00e9volutive\" data-elementor-lightbox-description=\"Cr\u00e9dit photo : Andrius Pa\u0161ukonis\" data-e-action-hash=\"#elementor-action%3Aaction%3Dlightbox%26settings%3DeyJpZCI6MTQxMywidXJsIjoiaHR0cHM6XC9cL2NucnMtbm91cmFndWVzLmZyXC93cC1jb250ZW50XC91cGxvYWRzXC8yMDI0XC8wM1wvUG9wdWxhdGlvbnMtYW5pbWFsZXMuanBnIiwic2xpZGVzaG93IjoiZjM0N2JmMyJ9\">\n\t\t\t\t\t<div class=\"e-gallery-image elementor-gallery-item__image\" data-thumbnail=\"https:\/\/cnrs-nouragues.fr\/wp-content\/uploads\/2024\/03\/Populations-animales.jpg\" data-width=\"1080\" data-height=\"720\" aria-label=\"\" role=\"img\" ><\/div>\n\t\t\t\t\t\t\t\t\t\t\t<div class=\"elementor-gallery-item__overlay\"><\/div>\n\t\t\t\t\t\t\t\t\t\t\t\t\t\t\t<div class=\"elementor-gallery-item__content\">\n\t\t\t\t\t\t\t\t\t\t\t\t\t\t<div class=\"elementor-gallery-item__title\">\n\t\t\t\t\t\t\t\t\t\t\t\t\t\t\t\t\t\tEvolutionary ecology\t\t\t\t\t\t\t\t<\/div>\n\t\t\t\t\t\t\t\t\t\t\t\t<\/div>\n\t\t\t\t\t\t\t\t\t<\/a>\n\t\t\t\t\t\t\t<a class=\"e-gallery-item elementor-gallery-item elementor-animated-content\" href=\"https:\/\/cnrs-nouragues.fr\/wp-content\/uploads\/2024\/03\/Conservation-de-la-biodiversite-scaled.jpg\" data-elementor-open-lightbox=\"yes\" data-elementor-lightbox-slideshow=\"f347bf3\" data-elementor-lightbox-title=\"Conservation de la biodiversit\u00e9\" data-elementor-lightbox-description=\"Cr\u00e9dit photo : Thibault Cocaing\" data-e-action-hash=\"#elementor-action%3Aaction%3Dlightbox%26settings%3DeyJpZCI6MTQwOCwidXJsIjoiaHR0cHM6XC9cL2NucnMtbm91cmFndWVzLmZyXC93cC1jb250ZW50XC91cGxvYWRzXC8yMDI0XC8wM1wvQ29uc2VydmF0aW9uLWRlLWxhLWJpb2RpdmVyc2l0ZS1zY2FsZWQuanBnIiwic2xpZGVzaG93IjoiZjM0N2JmMyJ9\">\n\t\t\t\t\t<div class=\"e-gallery-image elementor-gallery-item__image\" data-thumbnail=\"https:\/\/cnrs-nouragues.fr\/wp-content\/uploads\/2024\/03\/Conservation-de-la-biodiversite-scaled.jpg\" data-width=\"2560\" data-height=\"1707\" aria-label=\"\" role=\"img\" ><\/div>\n\t\t\t\t\t\t\t\t\t\t\t<div class=\"elementor-gallery-item__overlay\"><\/div>\n\t\t\t\t\t\t\t\t\t\t\t\t\t\t\t<div class=\"elementor-gallery-item__content\">\n\t\t\t\t\t\t\t\t\t\t\t\t\t\t<div class=\"elementor-gallery-item__title\">\n\t\t\t\t\t\t\t\t\t\t\t\t\t\t\t\t\t\tBiodiversity conservation\t\t\t\t\t\t\t\t<\/div>\n\t\t\t\t\t\t\t\t\t\t\t\t<\/div>\n\t\t\t\t\t\t\t\t\t<\/a>\n\t\t\t\t\t\t\t<a class=\"e-gallery-item elementor-gallery-item elementor-animated-content\" href=\"https:\/\/cnrs-nouragues.fr\/wp-content\/uploads\/2024\/03\/Suivi-hydrologique-scaled.jpg\" data-elementor-open-lightbox=\"yes\" data-elementor-lightbox-slideshow=\"f347bf3\" data-elementor-lightbox-title=\"Dynamique des \u00e9cosyst\u00e8mes aquatiques\" data-elementor-lightbox-description=\"Cr\u00e9dit photo : Thibault Cocaing\" data-e-action-hash=\"#elementor-action%3Aaction%3Dlightbox%26settings%3DeyJpZCI6MTQxNCwidXJsIjoiaHR0cHM6XC9cL2NucnMtbm91cmFndWVzLmZyXC93cC1jb250ZW50XC91cGxvYWRzXC8yMDI0XC8wM1wvU3VpdmktaHlkcm9sb2dpcXVlLXNjYWxlZC5qcGciLCJzbGlkZXNob3ciOiJmMzQ3YmYzIn0%3D\">\n\t\t\t\t\t<div class=\"e-gallery-image elementor-gallery-item__image\" data-thumbnail=\"https:\/\/cnrs-nouragues.fr\/wp-content\/uploads\/2024\/03\/Suivi-hydrologique-scaled.jpg\" data-width=\"2560\" data-height=\"1707\" aria-label=\"\" role=\"img\" ><\/div>\n\t\t\t\t\t\t\t\t\t\t\t<div class=\"elementor-gallery-item__overlay\"><\/div>\n\t\t\t\t\t\t\t\t\t\t\t\t\t\t\t<div class=\"elementor-gallery-item__content\">\n\t\t\t\t\t\t\t\t\t\t\t\t\t\t<div class=\"elementor-gallery-item__title\">\n\t\t\t\t\t\t\t\t\t\t\t\t\t\t\t\t\t\tDynamics of aquatic ecosystems\t\t\t\t\t\t\t\t<\/div>\n\t\t\t\t\t\t\t\t\t\t\t\t<\/div>\n\t\t\t\t\t\t\t\t\t<\/a>\n\t\t\t\t\t\t\t<a class=\"e-gallery-item elementor-gallery-item elementor-animated-content\" href=\"https:\/\/cnrs-nouragues.fr\/wp-content\/uploads\/2024\/03\/Histoire-des-civilisations-precolombiennes-scaled.jpg\" data-elementor-open-lightbox=\"yes\" data-elementor-lightbox-slideshow=\"f347bf3\" data-elementor-lightbox-title=\"Histoire des civilisations pr\u00e9colombiennes\" data-elementor-lightbox-description=\"Cr\u00e9dit photo : Guillaume Odonne\" data-e-action-hash=\"#elementor-action%3Aaction%3Dlightbox%26settings%3DeyJpZCI6MTQxMiwidXJsIjoiaHR0cHM6XC9cL2NucnMtbm91cmFndWVzLmZyXC93cC1jb250ZW50XC91cGxvYWRzXC8yMDI0XC8wM1wvSGlzdG9pcmUtZGVzLWNpdmlsaXNhdGlvbnMtcHJlY29sb21iaWVubmVzLXNjYWxlZC5qcGciLCJzbGlkZXNob3ciOiJmMzQ3YmYzIn0%3D\">\n\t\t\t\t\t<div class=\"e-gallery-image elementor-gallery-item__image\" data-thumbnail=\"https:\/\/cnrs-nouragues.fr\/wp-content\/uploads\/2024\/03\/Histoire-des-civilisations-precolombiennes-scaled.jpg\" data-width=\"2560\" data-height=\"1668\" aria-label=\"\" role=\"img\" ><\/div>\n\t\t\t\t\t\t\t\t\t\t\t<div class=\"elementor-gallery-item__overlay\"><\/div>\n\t\t\t\t\t\t\t\t\t\t\t\t\t\t\t<div class=\"elementor-gallery-item__content\">\n\t\t\t\t\t\t\t\t\t\t\t\t\t\t<div class=\"elementor-gallery-item__title\">\n\t\t\t\t\t\t\t\t\t\t\t\t\t\t\t\t\t\tHistory of pre-Columbian civilizations\t\t\t\t\t\t\t\t<\/div>\n\t\t\t\t\t\t\t\t\t\t\t\t<\/div>\n\t\t\t\t\t\t\t\t\t<\/a>\n\t\t\t\t\t<\/div>\n\t\t\t\t\t<\/div>\n\t\t\t\t<\/div>\n\t\t\t\t<\/div>\n\t\t\t\t\t<\/div>\n\t\t\t\t<\/div>\n\t\t\t\t<\/div>","protected":false},"excerpt":{"rendered":"<p>Th\u00e9matiques de recherche La for\u00eat amazonienne est un \u00e9cosyst\u00e8me cl\u00e9 pour la recherche scientifique en raison de son incroyable biodiversit\u00e9. Avec environ 10 % des esp\u00e8ces mondialement connues, elle est un r\u00e9servoir de ressources g\u00e9n\u00e9tiques qui offrent un aper\u00e7u des interactions complexes entre les organismes et leur environnement. L\u2019\u00e9tude de la for\u00eat amazonienne et de [&hellip;]<\/p>","protected":false},"author":2,"featured_media":0,"parent":0,"menu_order":0,"comment_status":"closed","ping_status":"closed","template":"","meta":{"_seopress_robots_primary_cat":"","_seopress_titles_title":"","_seopress_titles_desc":"","_seopress_robots_index":"","footnotes":""},"class_list":["post-939","page","type-page","status-publish","hentry"],"_links":{"self":[{"href":"https:\/\/cnrs-nouragues.fr\/en\/wp-json\/wp\/v2\/pages\/939","targetHints":{"allow":["GET"]}}],"collection":[{"href":"https:\/\/cnrs-nouragues.fr\/en\/wp-json\/wp\/v2\/pages"}],"about":[{"href":"https:\/\/cnrs-nouragues.fr\/en\/wp-json\/wp\/v2\/types\/page"}],"author":[{"embeddable":true,"href":"https:\/\/cnrs-nouragues.fr\/en\/wp-json\/wp\/v2\/users\/2"}],"replies":[{"embeddable":true,"href":"https:\/\/cnrs-nouragues.fr\/en\/wp-json\/wp\/v2\/comments?post=939"}],"version-history":[{"count":67,"href":"https:\/\/cnrs-nouragues.fr\/en\/wp-json\/wp\/v2\/pages\/939\/revisions"}],"predecessor-version":[{"id":2287,"href":"https:\/\/cnrs-nouragues.fr\/en\/wp-json\/wp\/v2\/pages\/939\/revisions\/2287"}],"wp:attachment":[{"href":"https:\/\/cnrs-nouragues.fr\/en\/wp-json\/wp\/v2\/media?parent=939"}],"curies":[{"name":"wp","href":"https:\/\/api.w.org\/{rel}","templated":true}]}}