{"id":916,"date":"2023-11-16T08:53:29","date_gmt":"2023-11-16T07:53:29","guid":{"rendered":"https:\/\/nourargues.agencewebguyane.fr\/?page_id=916"},"modified":"2024-04-11T20:18:11","modified_gmt":"2024-04-11T18:18:11","slug":"partenaires","status":"publish","type":"page","link":"https:\/\/cnrs-nouragues.fr\/en\/partenaires\/","title":{"rendered":"Partners"},"content":{"rendered":"<div data-elementor-type=\"wp-page\" data-elementor-id=\"916\" class=\"elementor elementor-916\" data-elementor-settings=\"{&quot;ha_cmc_init_switcher&quot;:&quot;no&quot;}\" data-elementor-post-type=\"page\">\n\t\t\t\t<div class=\"elementor-element elementor-element-efb4cd0 e-con-full e-flex e-con e-parent\" data-id=\"efb4cd0\" data-element_type=\"container\" data-settings=\"{&quot;_ha_eqh_enable&quot;:false}\">\n\t\t\t\t<div class=\"elementor-element elementor-element-bb57d0f elementor-widget elementor-widget-image\" data-id=\"bb57d0f\" data-element_type=\"widget\" data-widget_type=\"image.default\">\n\t\t\t\t<div class=\"elementor-widget-container\">\n\t\t\t\t\t\t\t\t\t\t\t\t\t\t\t<img decoding=\"async\" src=\"https:\/\/cnrs-nouragues.fr\/wp-content\/uploads\/elementor\/thumbs\/DSC06163-scaled-qmkccu94suci8xn7lda59ecdtda0p3btb3pau9otps.jpg\" title=\"DSC06163\" alt=\"DSC06163\" loading=\"lazy\" \/>\t\t\t\t\t\t\t\t\t\t\t\t\t\t\t<\/div>\n\t\t\t\t<\/div>\n\t\t\t\t<\/div>\n\t\t<div class=\"elementor-element elementor-element-3b61828 e-flex e-con-boxed e-con e-parent\" data-id=\"3b61828\" data-element_type=\"container\" data-settings=\"{&quot;_ha_eqh_enable&quot;:false}\">\n\t\t\t\t\t<div class=\"e-con-inner\">\n\t\t\t\t<div class=\"elementor-element elementor-element-ebf56fd elementor-widget elementor-widget-heading\" data-id=\"ebf56fd\" data-element_type=\"widget\" data-widget_type=\"heading.default\">\n\t\t\t\t<div class=\"elementor-widget-container\">\n\t\t\t\t\t<h1 class=\"elementor-heading-title elementor-size-default\">Links with the Nouragues Nature Reserve <\/h1>\t\t\t\t<\/div>\n\t\t\t\t<\/div>\n\t\t\t\t<div class=\"elementor-element elementor-element-489b8b3 elementor-widget elementor-widget-text-editor\" data-id=\"489b8b3\" data-element_type=\"widget\" data-widget_type=\"text-editor.default\">\n\t\t\t\t<div class=\"elementor-widget-container\">\n\t\t\t\t\t\t\t\t\t<p class=\"translation-block\">The Nouragues research station, managed by the CNRS, is located in the heart of the <a href=\"https:\/\/www.nouragues.fr\/\" target=\"_self\"><span style=\"color: #009aa4\">Nouragues National Nature Reserve<\/span><\/a> , co-managed by the <a href=\"http:\/\/www.gepog.org\/\" target=\"_self\"><span style=\"color: #009aa4\">GEPOG<\/span><\/a> association and the <a href=\"https:\/\/www.onf.fr\/\" target=\"_self\"><span style=\"color: #009aa4\">ONF<\/span><\/a> .<\/p>\t\t\t\t\t\t\t\t<\/div>\n\t\t\t\t<\/div>\n\t\t\t\t<div class=\"elementor-element elementor-element-20de454 elementor-widget elementor-widget-text-editor\" data-id=\"20de454\" data-element_type=\"widget\" data-widget_type=\"text-editor.default\">\n\t\t\t\t<div class=\"elementor-widget-container\">\n\t\t\t\t\t\t\t\t\tThe R\u00e9serve Naturelle des Nouragues was created in 1995, initially to protect the environment from anthropic pressures and to enable scientific research to take place in optimal conditions. \t\t\t\t\t\t\t\t<\/div>\n\t\t\t\t<\/div>\n\t\t\t\t<div class=\"elementor-element elementor-element-408d45c elementor-widget elementor-widget-text-editor\" data-id=\"408d45c\" data-element_type=\"widget\" data-widget_type=\"text-editor.default\">\n\t\t\t\t<div class=\"elementor-widget-container\">\n\t\t\t\t\t\t\t\t\tToday, the Nouragues Nature Reserve protects 105,800 hectares of forest. It is the largest terrestrial nature reserve in France. Its mission is to protect and scientifically monitor its area, and to integrate it into the life of the region. \t\t\t\t\t\t\t\t<\/div>\n\t\t\t\t<\/div>\n\t\t\t\t<div class=\"elementor-element elementor-element-650a733 elementor-widget elementor-widget-text-editor\" data-id=\"650a733\" data-element_type=\"widget\" data-widget_type=\"text-editor.default\">\n\t\t\t\t<div class=\"elementor-widget-container\">\n\t\t\t\t\t\t\t\t\t<p>Since 2011, the CNRS, ONF and GEPOG have established a partnership agreement to promote the biodiversity of the Nouragues, popularize the scientific missions carried out in situ and raise public awareness of the need to protect Amazonian flora and fauna.<\/p>\t\t\t\t\t\t\t\t<\/div>\n\t\t\t\t<\/div>\n\t\t\t\t\t<\/div>\n\t\t\t\t<\/div>\n\t\t<div class=\"elementor-element elementor-element-caba83a e-flex e-con-boxed e-con e-parent\" data-id=\"caba83a\" data-element_type=\"container\" data-settings=\"{&quot;_ha_eqh_enable&quot;:false}\">\n\t\t\t\t\t<div class=\"e-con-inner\">\n\t\t\t\t<div class=\"elementor-element elementor-element-d6ae7e7 elementor-widget elementor-widget-image\" data-id=\"d6ae7e7\" data-element_type=\"widget\" data-widget_type=\"image.default\">\n\t\t\t\t<div class=\"elementor-widget-container\">\n\t\t\t\t\t\t\t\t\t\t\t\t\t\t\t<img fetchpriority=\"high\" decoding=\"async\" width=\"683\" height=\"1024\" src=\"https:\/\/cnrs-nouragues.fr\/wp-content\/uploads\/2024\/04\/IMG_5470-683x1024.jpg\" class=\"attachment-large size-large wp-image-1820\" alt=\"\" srcset=\"https:\/\/cnrs-nouragues.fr\/wp-content\/uploads\/2024\/04\/IMG_5470-683x1024.jpg 683w, https:\/\/cnrs-nouragues.fr\/wp-content\/uploads\/2024\/04\/IMG_5470-200x300.jpg 200w, https:\/\/cnrs-nouragues.fr\/wp-content\/uploads\/2024\/04\/IMG_5470-768x1152.jpg 768w, https:\/\/cnrs-nouragues.fr\/wp-content\/uploads\/2024\/04\/IMG_5470-1024x1536.jpg 1024w, https:\/\/cnrs-nouragues.fr\/wp-content\/uploads\/2024\/04\/IMG_5470-1365x2048.jpg 1365w, https:\/\/cnrs-nouragues.fr\/wp-content\/uploads\/2024\/04\/IMG_5470-scaled.jpg 1707w\" sizes=\"(max-width: 683px) 100vw, 683px\" \/>\t\t\t\t\t\t\t\t\t\t\t\t\t\t\t<\/div>\n\t\t\t\t<\/div>\n\t\t\t\t\t<\/div>\n\t\t\t\t<\/div>\n\t\t\t\t<\/div>","protected":false},"excerpt":{"rendered":"<p>Liens avec la R\u00e9serve Naturelle des Nouragues La station de recherche des Nouragues, g\u00e9r\u00e9e par le CNRS, est situ\u00e9e au c\u0153ur de la R\u00e9serve Naturelle Nationale des Nouragues , co-g\u00e9r\u00e9e par l\u2019association GEPOG et par l&rsquo;ONF. La R\u00e9serve Naturelle des Nouragues a \u00e9t\u00e9 cr\u00e9\u00e9e en 1995, initialement pour prot\u00e9ger l\u2019environnement de pressions anthropiques et permettre [&hellip;]<\/p>","protected":false},"author":3,"featured_media":0,"parent":0,"menu_order":0,"comment_status":"closed","ping_status":"closed","template":"","meta":{"_seopress_robots_primary_cat":"","_seopress_titles_title":"","_seopress_titles_desc":"","_seopress_robots_index":"","footnotes":""},"class_list":["post-916","page","type-page","status-publish","hentry"],"_links":{"self":[{"href":"https:\/\/cnrs-nouragues.fr\/en\/wp-json\/wp\/v2\/pages\/916","targetHints":{"allow":["GET"]}}],"collection":[{"href":"https:\/\/cnrs-nouragues.fr\/en\/wp-json\/wp\/v2\/pages"}],"about":[{"href":"https:\/\/cnrs-nouragues.fr\/en\/wp-json\/wp\/v2\/types\/page"}],"author":[{"embeddable":true,"href":"https:\/\/cnrs-nouragues.fr\/en\/wp-json\/wp\/v2\/users\/3"}],"replies":[{"embeddable":true,"href":"https:\/\/cnrs-nouragues.fr\/en\/wp-json\/wp\/v2\/comments?post=916"}],"version-history":[{"count":37,"href":"https:\/\/cnrs-nouragues.fr\/en\/wp-json\/wp\/v2\/pages\/916\/revisions"}],"predecessor-version":[{"id":1854,"href":"https:\/\/cnrs-nouragues.fr\/en\/wp-json\/wp\/v2\/pages\/916\/revisions\/1854"}],"wp:attachment":[{"href":"https:\/\/cnrs-nouragues.fr\/en\/wp-json\/wp\/v2\/media?parent=916"}],"curies":[{"name":"wp","href":"https:\/\/api.w.org\/{rel}","templated":true}]}}