{"id":1431,"date":"2024-03-21T02:11:36","date_gmt":"2024-03-21T01:11:36","guid":{"rendered":"https:\/\/nourargues.agencewebguyane.fr\/?page_id=1431"},"modified":"2024-04-25T18:49:04","modified_gmt":"2024-04-25T16:49:04","slug":"ecoles-thematiques","status":"publish","type":"page","link":"https:\/\/cnrs-nouragues.fr\/en\/ecoles-thematiques\/","title":{"rendered":"Ecoles th\u00e9matiques"},"content":{"rendered":"<div data-elementor-type=\"wp-page\" data-elementor-id=\"1431\" class=\"elementor elementor-1431\" data-elementor-settings=\"{&quot;ha_cmc_init_switcher&quot;:&quot;no&quot;}\" data-elementor-post-type=\"page\">\n\t\t\t\t<div class=\"elementor-element elementor-element-efb4cd0 e-con-full e-flex e-con e-parent\" data-id=\"efb4cd0\" data-element_type=\"container\" data-settings=\"{&quot;_ha_eqh_enable&quot;:false}\">\n\t\t\t\t<div class=\"elementor-element elementor-element-fa38b45 elementor-widget elementor-widget-image\" data-id=\"fa38b45\" data-element_type=\"widget\" data-widget_type=\"image.default\">\n\t\t\t\t<div class=\"elementor-widget-container\">\n\t\t\t\t\t\t\t\t\t\t\t\t\t\t\t<img decoding=\"async\" src=\"https:\/\/cnrs-nouragues.fr\/wp-content\/uploads\/elementor\/thumbs\/PHOTO-BANDEAU-Activites-Scientifiques-scaled-qm30sbhkrk0ic5dh6ve9n7d5ff6k7u9698lbwyc38w.jpg\" title=\"PHOTO BAND Scientific Activities\" alt=\"PHOTO BANDEAU Activit\u00e9s Scientifiques\" loading=\"lazy\" \/>\t\t\t\t\t\t\t\t\t\t\t\t\t\t\t<\/div>\n\t\t\t\t<\/div>\n\t\t\t\t<\/div>\n\t\t<div class=\"elementor-element elementor-element-3b61828 e-flex e-con-boxed e-con e-parent\" data-id=\"3b61828\" data-element_type=\"container\" data-settings=\"{&quot;_ha_eqh_enable&quot;:false}\">\n\t\t\t\t\t<div class=\"e-con-inner\">\n\t\t\t\t<div class=\"elementor-element elementor-element-ebf56fd elementor-widget elementor-widget-heading\" data-id=\"ebf56fd\" data-element_type=\"widget\" data-widget_type=\"heading.default\">\n\t\t\t\t<div class=\"elementor-widget-container\">\n\t\t\t\t\t<h1 class=\"elementor-heading-title elementor-size-default\">Thematic schools<\/h1>\t\t\t\t<\/div>\n\t\t\t\t<\/div>\n\t\t\t\t<div class=\"elementor-element elementor-element-e60c5aa elementor-widget elementor-widget-text-editor\" data-id=\"e60c5aa\" data-element_type=\"widget\" data-widget_type=\"text-editor.default\">\n\t\t\t\t<div class=\"elementor-widget-container\">\n\t\t\t\t\t\t\t\t\t<p>Designed for scientists who share a common discipline, project or methodology, the Thematic Schools are engines of knowledge dissemination and interdisciplinary collaboration. They prioritize the dissemination of conceptual, methodological and technical advances through courses and experiments. Participants engage in an immersive learning experience that fosters the emergence of new themes and interdisciplinary links.<\/p><p>The Nouragues research station regularly hosts Thematic schools, offering an atypical environmental and human setting conducive to exploration, learning and collaboration. The station's infrastructure and facilities are ideally suited to organizing conferences and practical work in the laboratory and in the natural environment. \u00a0<\/p><p>If you have any questions about the organization of Thematic schools, please contact the Technical Manager of the station.\u00a0<\/p>\t\t\t\t\t\t\t\t<\/div>\n\t\t\t\t<\/div>\n\t\t\t\t<div class=\"elementor-element elementor-element-70cf249 elementor-widget elementor-widget-gallery\" data-id=\"70cf249\" data-element_type=\"widget\" data-settings=\"{&quot;gallery_layout&quot;:&quot;justified&quot;,&quot;ideal_row_height&quot;:{&quot;unit&quot;:&quot;px&quot;,&quot;size&quot;:268,&quot;sizes&quot;:[]},&quot;overlay_title&quot;:&quot;title&quot;,&quot;image_hover_animation&quot;:&quot;grow&quot;,&quot;background_overlay_hover_animation&quot;:&quot;enter-from-bottom&quot;,&quot;lazyload&quot;:&quot;yes&quot;,&quot;ideal_row_height_tablet&quot;:{&quot;unit&quot;:&quot;px&quot;,&quot;size&quot;:150,&quot;sizes&quot;:[]},&quot;ideal_row_height_mobile&quot;:{&quot;unit&quot;:&quot;px&quot;,&quot;size&quot;:150,&quot;sizes&quot;:[]},&quot;gap&quot;:{&quot;unit&quot;:&quot;px&quot;,&quot;size&quot;:10,&quot;sizes&quot;:[]},&quot;gap_tablet&quot;:{&quot;unit&quot;:&quot;px&quot;,&quot;size&quot;:10,&quot;sizes&quot;:[]},&quot;gap_mobile&quot;:{&quot;unit&quot;:&quot;px&quot;,&quot;size&quot;:10,&quot;sizes&quot;:[]},&quot;link_to&quot;:&quot;file&quot;,&quot;overlay_background&quot;:&quot;yes&quot;,&quot;content_hover_animation&quot;:&quot;fade-in&quot;}\" data-widget_type=\"gallery.default\">\n\t\t\t\t<div class=\"elementor-widget-container\">\n\t\t\t\t\t\t\t<div class=\"elementor-gallery__container\">\n\t\t\t\t\t\t\t<a class=\"e-gallery-item elementor-gallery-item elementor-animated-content\" href=\"https:\/\/cnrs-nouragues.fr\/wp-content\/uploads\/2024\/04\/IMG_5935-scaled.jpg\" data-elementor-open-lightbox=\"yes\" data-elementor-lightbox-slideshow=\"70cf249\" data-elementor-lightbox-title=\"Laboratoire climatis\u00e9\" data-elementor-lightbox-description=\"Cr\u00e9dit photo : Elodie Schloesing\" data-e-action-hash=\"#elementor-action%3Aaction%3Dlightbox%26settings%3DeyJpZCI6MTk5NCwidXJsIjoiaHR0cHM6XC9cL2NucnMtbm91cmFndWVzLmZyXC93cC1jb250ZW50XC91cGxvYWRzXC8yMDI0XC8wNFwvSU1HXzU5MzUtc2NhbGVkLmpwZyIsInNsaWRlc2hvdyI6IjcwY2YyNDkifQ%3D%3D\">\n\t\t\t\t\t<div class=\"e-gallery-image elementor-gallery-item__image\" data-thumbnail=\"https:\/\/cnrs-nouragues.fr\/wp-content\/uploads\/2024\/04\/IMG_5935-683x1024.jpg\" data-width=\"683\" data-height=\"1024\" aria-label=\"\" role=\"img\" ><\/div>\n\t\t\t\t\t\t\t\t\t\t\t<div class=\"elementor-gallery-item__overlay\"><\/div>\n\t\t\t\t\t\t\t\t\t\t\t\t\t\t\t<div class=\"elementor-gallery-item__content\">\n\t\t\t\t\t\t\t\t\t\t\t\t\t\t<div class=\"elementor-gallery-item__title\">\n\t\t\t\t\t\t\t\t\t\t\t\t\t\t\t\t\t\tAir-conditioned laboratory\t\t\t\t\t\t\t\t<\/div>\n\t\t\t\t\t\t\t\t\t\t\t\t<\/div>\n\t\t\t\t\t\t\t\t\t<\/a>\n\t\t\t\t\t\t\t<a class=\"e-gallery-item elementor-gallery-item elementor-animated-content\" href=\"https:\/\/cnrs-nouragues.fr\/wp-content\/uploads\/2024\/03\/Foret-topicale-preservee-scaled.jpg\" data-elementor-open-lightbox=\"yes\" data-elementor-lightbox-slideshow=\"70cf249\" data-elementor-lightbox-title=\"For\u00eat topicale pr\u00e9serv\u00e9e\" data-elementor-lightbox-description=\"Cr\u00e9dit photo : Elodie Schloesing\" data-e-action-hash=\"#elementor-action%3Aaction%3Dlightbox%26settings%3DeyJpZCI6MTQzNSwidXJsIjoiaHR0cHM6XC9cL2NucnMtbm91cmFndWVzLmZyXC93cC1jb250ZW50XC91cGxvYWRzXC8yMDI0XC8wM1wvRm9yZXQtdG9waWNhbGUtcHJlc2VydmVlLXNjYWxlZC5qcGciLCJzbGlkZXNob3ciOiI3MGNmMjQ5In0%3D\">\n\t\t\t\t\t<div class=\"e-gallery-image elementor-gallery-item__image\" data-thumbnail=\"https:\/\/cnrs-nouragues.fr\/wp-content\/uploads\/2024\/03\/Foret-topicale-preservee-1024x683.jpg\" data-width=\"800\" data-height=\"534\" aria-label=\"\" role=\"img\" ><\/div>\n\t\t\t\t\t\t\t\t\t\t\t<div class=\"elementor-gallery-item__overlay\"><\/div>\n\t\t\t\t\t\t\t\t\t\t\t\t\t\t\t<div class=\"elementor-gallery-item__content\">\n\t\t\t\t\t\t\t\t\t\t\t\t\t\t<div class=\"elementor-gallery-item__title\">\n\t\t\t\t\t\t\t\t\t\t\t\t\t\t\t\t\t\tPreserved topicale forest\t\t\t\t\t\t\t\t<\/div>\n\t\t\t\t\t\t\t\t\t\t\t\t<\/div>\n\t\t\t\t\t\t\t\t\t<\/a>\n\t\t\t\t\t\t\t<a class=\"e-gallery-item elementor-gallery-item elementor-animated-content\" href=\"https:\/\/cnrs-nouragues.fr\/wp-content\/uploads\/2024\/04\/36e2d698b222184fde84be8a1be18fcc_raphael.jpg\" data-elementor-open-lightbox=\"yes\" data-elementor-lightbox-slideshow=\"70cf249\" data-elementor-lightbox-title=\"Environnement balis\u00e9\" data-elementor-lightbox-description=\"Cr\u00e9dit Photo : Rapha\u00ebl Jagunic\" data-e-action-hash=\"#elementor-action%3Aaction%3Dlightbox%26settings%3DeyJpZCI6MjA1NSwidXJsIjoiaHR0cHM6XC9cL2NucnMtbm91cmFndWVzLmZyXC93cC1jb250ZW50XC91cGxvYWRzXC8yMDI0XC8wNFwvMzZlMmQ2OThiMjIyMTg0ZmRlODRiZThhMWJlMThmY2NfcmFwaGFlbC5qcGciLCJzbGlkZXNob3ciOiI3MGNmMjQ5In0%3D\">\n\t\t\t\t\t<div class=\"e-gallery-image elementor-gallery-item__image\" data-thumbnail=\"https:\/\/cnrs-nouragues.fr\/wp-content\/uploads\/2024\/04\/36e2d698b222184fde84be8a1be18fcc_raphael-1024x683.jpg\" data-width=\"800\" data-height=\"534\" aria-label=\"\" role=\"img\" ><\/div>\n\t\t\t\t\t\t\t\t\t\t\t<div class=\"elementor-gallery-item__overlay\"><\/div>\n\t\t\t\t\t\t\t\t\t\t\t\t\t\t\t<div class=\"elementor-gallery-item__content\">\n\t\t\t\t\t\t\t\t\t\t\t\t\t\t<div class=\"elementor-gallery-item__title\">\n\t\t\t\t\t\t\t\t\t\t\t\t\t\t\t\t\t\tSignposted environment\t\t\t\t\t\t\t\t<\/div>\n\t\t\t\t\t\t\t\t\t\t\t\t<\/div>\n\t\t\t\t\t\t\t\t\t<\/a>\n\t\t\t\t\t\t\t<a class=\"e-gallery-item elementor-gallery-item elementor-animated-content\" href=\"https:\/\/cnrs-nouragues.fr\/wp-content\/uploads\/2024\/03\/Cadre-d_hebergement-unique-scaled.jpg\" data-elementor-open-lightbox=\"yes\" data-elementor-lightbox-slideshow=\"70cf249\" data-elementor-lightbox-title=\"Cadre d&#039;h\u00e9bergement atypique\" data-elementor-lightbox-description=\"Cr\u00e9dit photo : Elodie Schloesing\" data-e-action-hash=\"#elementor-action%3Aaction%3Dlightbox%26settings%3DeyJpZCI6MTQzMiwidXJsIjoiaHR0cHM6XC9cL2NucnMtbm91cmFndWVzLmZyXC93cC1jb250ZW50XC91cGxvYWRzXC8yMDI0XC8wM1wvQ2FkcmUtZF9oZWJlcmdlbWVudC11bmlxdWUtc2NhbGVkLmpwZyIsInNsaWRlc2hvdyI6IjcwY2YyNDkifQ%3D%3D\">\n\t\t\t\t\t<div class=\"e-gallery-image elementor-gallery-item__image\" data-thumbnail=\"https:\/\/cnrs-nouragues.fr\/wp-content\/uploads\/2024\/03\/Cadre-d_hebergement-unique-1024x683.jpg\" data-width=\"800\" data-height=\"534\" aria-label=\"\" role=\"img\" ><\/div>\n\t\t\t\t\t\t\t\t\t\t\t<div class=\"elementor-gallery-item__overlay\"><\/div>\n\t\t\t\t\t\t\t\t\t\t\t\t\t\t\t<div class=\"elementor-gallery-item__content\">\n\t\t\t\t\t\t\t\t\t\t\t\t\t\t<div class=\"elementor-gallery-item__title\">\n\t\t\t\t\t\t\t\t\t\t\t\t\t\t\t\t\t\tAtypical accommodation setting\t\t\t\t\t\t\t\t<\/div>\n\t\t\t\t\t\t\t\t\t\t\t\t<\/div>\n\t\t\t\t\t\t\t\t\t<\/a>\n\t\t\t\t\t\t\t<a class=\"e-gallery-item elementor-gallery-item elementor-animated-content\" href=\"https:\/\/cnrs-nouragues.fr\/wp-content\/uploads\/2024\/04\/IMG_5912-scaled.jpg\" data-elementor-open-lightbox=\"yes\" data-elementor-lightbox-slideshow=\"70cf249\" data-elementor-lightbox-title=\"Salle de conf\u00e9rence\" data-elementor-lightbox-description=\"Cr\u00e9dit photo : Elodie Schloesing\" data-e-action-hash=\"#elementor-action%3Aaction%3Dlightbox%26settings%3DeyJpZCI6MTk5NSwidXJsIjoiaHR0cHM6XC9cL2NucnMtbm91cmFndWVzLmZyXC93cC1jb250ZW50XC91cGxvYWRzXC8yMDI0XC8wNFwvSU1HXzU5MTItc2NhbGVkLmpwZyIsInNsaWRlc2hvdyI6IjcwY2YyNDkifQ%3D%3D\">\n\t\t\t\t\t<div class=\"e-gallery-image elementor-gallery-item__image\" data-thumbnail=\"https:\/\/cnrs-nouragues.fr\/wp-content\/uploads\/2024\/04\/IMG_5912-1024x683.jpg\" data-width=\"800\" data-height=\"534\" aria-label=\"\" role=\"img\" ><\/div>\n\t\t\t\t\t\t\t\t\t\t\t<div class=\"elementor-gallery-item__overlay\"><\/div>\n\t\t\t\t\t\t\t\t\t\t\t\t\t\t\t<div class=\"elementor-gallery-item__content\">\n\t\t\t\t\t\t\t\t\t\t\t\t\t\t<div class=\"elementor-gallery-item__title\">\n\t\t\t\t\t\t\t\t\t\t\t\t\t\t\t\t\t\tConference room\t\t\t\t\t\t\t\t<\/div>\n\t\t\t\t\t\t\t\t\t\t\t\t<\/div>\n\t\t\t\t\t\t\t\t\t<\/a>\n\t\t\t\t\t\t\t<a class=\"e-gallery-item elementor-gallery-item elementor-animated-content\" href=\"https:\/\/cnrs-nouragues.fr\/wp-content\/uploads\/2024\/04\/IMG_4989-scaled.jpg\" data-elementor-open-lightbox=\"yes\" data-elementor-lightbox-slideshow=\"70cf249\" data-elementor-lightbox-title=\"Service de restauration\" data-elementor-lightbox-description=\"Cr\u00e9dit photo : Elodie Schloesing\" data-e-action-hash=\"#elementor-action%3Aaction%3Dlightbox%26settings%3DeyJpZCI6MTk5NywidXJsIjoiaHR0cHM6XC9cL2NucnMtbm91cmFndWVzLmZyXC93cC1jb250ZW50XC91cGxvYWRzXC8yMDI0XC8wNFwvSU1HXzQ5ODktc2NhbGVkLmpwZyIsInNsaWRlc2hvdyI6IjcwY2YyNDkifQ%3D%3D\">\n\t\t\t\t\t<div class=\"e-gallery-image elementor-gallery-item__image\" data-thumbnail=\"https:\/\/cnrs-nouragues.fr\/wp-content\/uploads\/2024\/04\/IMG_4989-1024x683.jpg\" data-width=\"800\" data-height=\"534\" aria-label=\"\" role=\"img\" ><\/div>\n\t\t\t\t\t\t\t\t\t\t\t<div class=\"elementor-gallery-item__overlay\"><\/div>\n\t\t\t\t\t\t\t\t\t\t\t\t\t\t\t<div class=\"elementor-gallery-item__content\">\n\t\t\t\t\t\t\t\t\t\t\t\t\t\t<div class=\"elementor-gallery-item__title\">\n\t\t\t\t\t\t\t\t\t\t\t\t\t\t\t\t\t\tCatering service\t\t\t\t\t\t\t\t<\/div>\n\t\t\t\t\t\t\t\t\t\t\t\t<\/div>\n\t\t\t\t\t\t\t\t\t<\/a>\n\t\t\t\t\t<\/div>\n\t\t\t\t\t<\/div>\n\t\t\t\t<\/div>\n\t\t\t\t\t<\/div>\n\t\t\t\t<\/div>\n\t\t\t\t<\/div>","protected":false},"excerpt":{"rendered":"<p>\u00c9coles th\u00e9matiques Con\u00e7ues pour les scientifiques qui partagent une discipline, un projet ou une m\u00e9thodologie commune, les \u00c9coles Th\u00e9matiques sont des moteurs de diffusion de connaissances et de collaboration interdisciplinaire. Elles donnent la priorit\u00e9 \u00e0 la diffusion d\u2019avanc\u00e9es conceptuelles, de m\u00e9thodologiques et de techniques par l\u2019interm\u00e9diaire de cours ou d\u2019exp\u00e9rimentations. Les participants s&rsquo;engagent dans une [&hellip;]<\/p>","protected":false},"author":1,"featured_media":0,"parent":0,"menu_order":0,"comment_status":"closed","ping_status":"closed","template":"","meta":{"_seopress_robots_primary_cat":"","_seopress_titles_title":"","_seopress_titles_desc":"","_seopress_robots_index":"","footnotes":""},"class_list":["post-1431","page","type-page","status-publish","hentry"],"_links":{"self":[{"href":"https:\/\/cnrs-nouragues.fr\/en\/wp-json\/wp\/v2\/pages\/1431","targetHints":{"allow":["GET"]}}],"collection":[{"href":"https:\/\/cnrs-nouragues.fr\/en\/wp-json\/wp\/v2\/pages"}],"about":[{"href":"https:\/\/cnrs-nouragues.fr\/en\/wp-json\/wp\/v2\/types\/page"}],"author":[{"embeddable":true,"href":"https:\/\/cnrs-nouragues.fr\/en\/wp-json\/wp\/v2\/users\/1"}],"replies":[{"embeddable":true,"href":"https:\/\/cnrs-nouragues.fr\/en\/wp-json\/wp\/v2\/comments?post=1431"}],"version-history":[{"count":31,"href":"https:\/\/cnrs-nouragues.fr\/en\/wp-json\/wp\/v2\/pages\/1431\/revisions"}],"predecessor-version":[{"id":2058,"href":"https:\/\/cnrs-nouragues.fr\/en\/wp-json\/wp\/v2\/pages\/1431\/revisions\/2058"}],"wp:attachment":[{"href":"https:\/\/cnrs-nouragues.fr\/en\/wp-json\/wp\/v2\/media?parent=1431"}],"curies":[{"name":"wp","href":"https:\/\/api.w.org\/{rel}","templated":true}]}}