{"id":1163,"date":"2023-11-17T01:35:01","date_gmt":"2023-11-17T00:35:01","guid":{"rendered":"https:\/\/nourargues.agencewebguyane.fr\/?page_id=1163"},"modified":"2024-04-01T21:43:10","modified_gmt":"2024-04-01T19:43:10","slug":"politique-de-confidentialite","status":"publish","type":"page","link":"https:\/\/cnrs-nouragues.fr\/en\/politique-de-confidentialite\/","title":{"rendered":"Privacy policy"},"content":{"rendered":"<div data-elementor-type=\"wp-page\" data-elementor-id=\"1163\" class=\"elementor elementor-1163\" data-elementor-settings=\"{&quot;ha_cmc_init_switcher&quot;:&quot;no&quot;}\" data-elementor-post-type=\"page\">\n\t\t\t\t<div class=\"elementor-element elementor-element-efb4cd0 e-con-full e-flex e-con e-parent\" data-id=\"efb4cd0\" data-element_type=\"container\" data-settings=\"{&quot;_ha_eqh_enable&quot;:false}\">\n\t\t\t\t<div class=\"elementor-element elementor-element-fa38b45 elementor-widget elementor-widget-image\" data-id=\"fa38b45\" data-element_type=\"widget\" data-widget_type=\"image.default\">\n\t\t\t\t<div class=\"elementor-widget-container\">\n\t\t\t\t\t\t\t\t\t\t\t\t\t\t\t<img decoding=\"async\" src=\"https:\/\/cnrs-nouragues.fr\/wp-content\/uploads\/2023\/11\/banner-liens.webp\" title=\"\" alt=\"\" loading=\"lazy\" \/>\t\t\t\t\t\t\t\t\t\t\t\t\t\t\t<\/div>\n\t\t\t\t<\/div>\n\t\t\t\t<\/div>\n\t\t<div class=\"elementor-element elementor-element-3b61828 e-flex e-con-boxed e-con e-parent\" data-id=\"3b61828\" data-element_type=\"container\" data-settings=\"{&quot;_ha_eqh_enable&quot;:false}\">\n\t\t\t\t\t<div class=\"e-con-inner\">\n\t\t\t\t<div class=\"elementor-element elementor-element-ebf56fd elementor-widget elementor-widget-heading\" data-id=\"ebf56fd\" data-element_type=\"widget\" data-widget_type=\"heading.default\">\n\t\t\t\t<div class=\"elementor-widget-container\">\n\t\t\t\t\t<h1 class=\"elementor-heading-title elementor-size-default\">Privacy Policy<\/h1>\t\t\t\t<\/div>\n\t\t\t\t<\/div>\n\t\t\t\t<div class=\"elementor-element elementor-element-20de454 elementor-widget elementor-widget-text-editor\" data-id=\"20de454\" data-element_type=\"widget\" data-widget_type=\"text-editor.default\">\n\t\t\t\t<div class=\"elementor-widget-container\">\n\t\t\t\t\t\t\t\t\t<p>This privacy policy governs the manner in which Nouragues-CNRS collects, uses, stores and discloses information collected from users (hereinafter referred to as \u201cYou\u201d) of the website nouragues-cnrs.fr (hereinafter referred to as \u201cYou\u201d). the Site\u201d).<\/p><p><strong>Collection of information<\/strong><\/p><p>We may collect personal information about you when you visit our site, subscribe to our newsletter, fill out a form or interact with our services available on our site.<\/p><p>The types of personal information collected may include, but are not limited to, your name, email address, mailing address and telephone number.<\/p><p><strong>Use of information<\/strong><\/p><p>The information we collect from you may be used in any of the following ways:<\/p><p>To personalize your experience on our site and to enable us to better meet your individual needs.<br \/>To improve our website based on the information and feedback we receive from you.<br \/>To periodically send emails regarding your order, or other products and services.<br \/>To administer a contest, promotion, survey or other aspect of the Site.<\/p><p><strong>Information Protection<\/strong><\/p><p>We implement a variety of security measures to maintain the security of your personal information when you enter, submit or access your personal information.<\/p><p><br \/><strong>Disclosure to third parties<\/strong><\/p><p>We do not sell, trade, or transfer your personally identifiable information to outside parties. This does not include trusted third parties who assist us in operating our website or conducting our business, so long as they agree to keep this information confidential.<\/p><p><br \/><strong>Consent<\/strong><\/p><p>By using our site, you consent to our online privacy policy.<\/p><p><br \/><strong>Changes to the privacy policy<\/strong><\/p><p>If we decide to change our privacy policy, we will post those changes on this page.<\/p><p><br \/><strong>Contact us<\/strong><\/p><p>If you have any questions regarding this privacy policy, you can contact us using the information below:<\/p><p>https:\/\/cnrs-nouragues.fr\/contactez-nous\/<\/p>\t\t\t\t\t\t\t\t<\/div>\n\t\t\t\t<\/div>\n\t\t\t\t\t<\/div>\n\t\t\t\t<\/div>\n\t\t\t\t<\/div>","protected":false},"excerpt":{"rendered":"<p>Politique de confidentialt\u00e9 La pr\u00e9sente politique de confidentialit\u00e9 r\u00e9git la mani\u00e8re dont Nouragues-CNRS collecte, utilise, conserve et divulgue les informations recueillies aupr\u00e8s des utilisateurs (ci-apr\u00e8s d\u00e9sign\u00e9s par \u00ab\u00a0Vous\u00a0\u00bb) du site web nouragues-cnrs.fr (ci-apr\u00e8s d\u00e9sign\u00e9 par \u00ab\u00a0le Site\u00a0\u00bb). Collecte des informations Nous pouvons collecter des informations personnelles vous concernant lorsque vous visitez notre site, vous inscrivez [&hellip;]<\/p>","protected":false},"author":2,"featured_media":0,"parent":0,"menu_order":0,"comment_status":"closed","ping_status":"closed","template":"","meta":{"_seopress_robots_primary_cat":"","_seopress_titles_title":"","_seopress_titles_desc":"","_seopress_robots_index":"","footnotes":""},"class_list":["post-1163","page","type-page","status-publish","hentry"],"_links":{"self":[{"href":"https:\/\/cnrs-nouragues.fr\/en\/wp-json\/wp\/v2\/pages\/1163","targetHints":{"allow":["GET"]}}],"collection":[{"href":"https:\/\/cnrs-nouragues.fr\/en\/wp-json\/wp\/v2\/pages"}],"about":[{"href":"https:\/\/cnrs-nouragues.fr\/en\/wp-json\/wp\/v2\/types\/page"}],"author":[{"embeddable":true,"href":"https:\/\/cnrs-nouragues.fr\/en\/wp-json\/wp\/v2\/users\/2"}],"replies":[{"embeddable":true,"href":"https:\/\/cnrs-nouragues.fr\/en\/wp-json\/wp\/v2\/comments?post=1163"}],"version-history":[{"count":11,"href":"https:\/\/cnrs-nouragues.fr\/en\/wp-json\/wp\/v2\/pages\/1163\/revisions"}],"predecessor-version":[{"id":1764,"href":"https:\/\/cnrs-nouragues.fr\/en\/wp-json\/wp\/v2\/pages\/1163\/revisions\/1764"}],"wp:attachment":[{"href":"https:\/\/cnrs-nouragues.fr\/en\/wp-json\/wp\/v2\/media?parent=1163"}],"curies":[{"name":"wp","href":"https:\/\/api.w.org\/{rel}","templated":true}]}}