{"id":1145,"date":"2023-11-17T01:08:29","date_gmt":"2023-11-17T00:08:29","guid":{"rendered":"https:\/\/nourargues.agencewebguyane.fr\/?page_id=1145"},"modified":"2026-02-23T20:16:02","modified_gmt":"2026-02-23T19:16:02","slug":"contactez-nous","status":"publish","type":"page","link":"https:\/\/cnrs-nouragues.fr\/en\/contactez-nous\/","title":{"rendered":"Contact us"},"content":{"rendered":"<div data-elementor-type=\"wp-page\" data-elementor-id=\"1145\" class=\"elementor elementor-1145\" data-elementor-settings=\"{&quot;ha_cmc_init_switcher&quot;:&quot;no&quot;}\" data-elementor-post-type=\"page\">\n\t\t\t\t<div class=\"elementor-element elementor-element-3362d58 e-con-full e-flex e-con e-parent\" data-id=\"3362d58\" data-element_type=\"container\" data-settings=\"{&quot;_ha_eqh_enable&quot;:false}\">\n\t\t\t\t<div class=\"elementor-element elementor-element-4d69d60 elementor-widget elementor-widget-image\" data-id=\"4d69d60\" data-element_type=\"widget\" data-widget_type=\"image.default\">\n\t\t\t\t<div class=\"elementor-widget-container\">\n\t\t\t\t\t\t\t\t\t\t\t\t\t\t\t<img decoding=\"async\" src=\"https:\/\/cnrs-nouragues.fr\/wp-content\/uploads\/elementor\/thumbs\/PHOTO-BANDEAUX-des-5-SOUS-MENUS-ACCEUIL-MAJ-28.03.2024-scaled-qlxooqiojf3plgn6c2nbctsr4z7hnkvdsa7axq501c.jpg\" title=\"PHOTO BANNERS of the 5 SUBMENUS HOME UPDATE 03.28.2024\" alt=\"PHOTO BANDEAUX des 5 SOUS-MENUS ACCEUIL MAJ 28.03.2024\" loading=\"lazy\" \/>\t\t\t\t\t\t\t\t\t\t\t\t\t\t\t<\/div>\n\t\t\t\t<\/div>\n\t\t\t\t<\/div>\n\t\t<div class=\"elementor-element elementor-element-c412b5c e-con-full e-flex e-con e-parent\" data-id=\"c412b5c\" data-element_type=\"container\" data-settings=\"{&quot;background_background&quot;:&quot;classic&quot;,&quot;_ha_eqh_enable&quot;:false}\">\n\t\t\t\t<div class=\"elementor-element elementor-element-2294852f elementor-widget elementor-widget-heading\" data-id=\"2294852f\" data-element_type=\"widget\" data-widget_type=\"heading.default\">\n\t\t\t\t<div class=\"elementor-widget-container\">\n\t\t\t\t\t<h1 class=\"elementor-heading-title elementor-size-default\">Contact<\/h1>\t\t\t\t<\/div>\n\t\t\t\t<\/div>\n\t\t\t\t<div class=\"elementor-element elementor-element-bde7e69 elementor-widget elementor-widget-text-editor\" data-id=\"bde7e69\" data-element_type=\"widget\" data-widget_type=\"text-editor.default\">\n\t\t\t\t<div class=\"elementor-widget-container\">\n\t\t\t\t\t\t\t\t\t<p><strong>Courrier \u00e9lectronique des personnels de l\u2019\u00e9quipe CNRS Nouragues<br \/><\/strong><\/p>\t\t\t\t\t\t\t\t<\/div>\n\t\t\t\t<\/div>\n\t\t\t\t<div class=\"elementor-element elementor-element-bba16ac elementor-widget elementor-widget-text-editor\" data-id=\"bba16ac\" data-element_type=\"widget\" data-widget_type=\"text-editor.default\">\n\t\t\t\t<div class=\"elementor-widget-container\">\n\t\t\t\t\t\t\t\t\t<p>HEYRAUD Audrey (Coordinatrice scientifique) : audrey.heyraud.2@cnrs.fr<\/p><p>GAERTNER Cyril (Responsable technique) : cyril.gaertner@cnrs.fr<\/p><p>CHAVE J\u00e9r\u00f4me (Directeur scientifique) : jerome.chave@utoulouse.fr\u00a0<\/p>\t\t\t\t\t\t\t\t<\/div>\n\t\t\t\t<\/div>\n\t\t\t\t<div class=\"elementor-element elementor-element-fb7f287 elementor-widget elementor-widget-text-editor\" data-id=\"fb7f287\" data-element_type=\"widget\" data-widget_type=\"text-editor.default\">\n\t\t\t\t<div class=\"elementor-widget-container\">\n\t\t\t\t\t\t\t\t\t<p><strong>Postal address of the Nouragues research station<br \/><\/strong><\/p>\t\t\t\t\t\t\t\t<\/div>\n\t\t\t\t<\/div>\n\t\t\t\t<div class=\"elementor-element elementor-element-c7b3436 elementor-widget elementor-widget-text-editor\" data-id=\"c7b3436\" data-element_type=\"widget\" data-widget_type=\"text-editor.default\">\n\t\t\t\t<div class=\"elementor-widget-container\">\n\t\t\t\t\t\t\t\t\t<p>Nouragues research station\u00a0<\/p><p>UAR 3456 LEEISA \u2013 Laboratoire \u00c9cologie, \u00c9volution Interactions des Syst\u00e8mes Amazoniens<\/p><p>Centre de recherche de Montabo<\/p><p>275 route de Montabo<\/p><p>BP 70620<\/p><p>97334 CAYENNE Cedex<\/p><p>Guyane Fran\u00e7aise<\/p>\t\t\t\t\t\t\t\t<\/div>\n\t\t\t\t<\/div>\n\t\t<div class=\"elementor-element elementor-element-465dbbb e-flex e-con-boxed e-con e-child\" data-id=\"465dbbb\" data-element_type=\"container\" data-settings=\"{&quot;_ha_eqh_enable&quot;:false}\">\n\t\t\t\t\t<div class=\"e-con-inner\">\n\t\t\t\t\t<\/div>\n\t\t\t\t<\/div>\n\t\t\t\t<\/div>\n\t\t\t\t<\/div>","protected":false},"excerpt":{"rendered":"<p>Contact Courrier \u00e9lectronique des personnels de l\u2019\u00e9quipe CNRS Nouragues HEYRAUD Audrey (Coordinatrice scientifique) : audrey.heyraud.2@cnrs.fr GAERTNER Cyril (Responsable technique) : cyril.gaertner@cnrs.fr CHAVE J\u00e9r\u00f4me (Directeur scientifique) : jerome.chave@utoulouse.fr\u00a0 Adresse postale de la station de recherche des Nouragues Station de recherche des Nouragues\u00a0 UAR 3456 LEEISA &#8211; Laboratoire \u00c9cologie, \u00c9volution Interactions des Syst\u00e8mes Amazoniens Centre de recherche [&hellip;]<\/p>","protected":false},"author":2,"featured_media":0,"parent":0,"menu_order":0,"comment_status":"closed","ping_status":"closed","template":"","meta":{"_seopress_robots_primary_cat":"","_seopress_titles_title":"","_seopress_titles_desc":"","_seopress_robots_index":"","footnotes":""},"class_list":["post-1145","page","type-page","status-publish","hentry"],"_links":{"self":[{"href":"https:\/\/cnrs-nouragues.fr\/en\/wp-json\/wp\/v2\/pages\/1145","targetHints":{"allow":["GET"]}}],"collection":[{"href":"https:\/\/cnrs-nouragues.fr\/en\/wp-json\/wp\/v2\/pages"}],"about":[{"href":"https:\/\/cnrs-nouragues.fr\/en\/wp-json\/wp\/v2\/types\/page"}],"author":[{"embeddable":true,"href":"https:\/\/cnrs-nouragues.fr\/en\/wp-json\/wp\/v2\/users\/2"}],"replies":[{"embeddable":true,"href":"https:\/\/cnrs-nouragues.fr\/en\/wp-json\/wp\/v2\/comments?post=1145"}],"version-history":[{"count":52,"href":"https:\/\/cnrs-nouragues.fr\/en\/wp-json\/wp\/v2\/pages\/1145\/revisions"}],"predecessor-version":[{"id":2480,"href":"https:\/\/cnrs-nouragues.fr\/en\/wp-json\/wp\/v2\/pages\/1145\/revisions\/2480"}],"wp:attachment":[{"href":"https:\/\/cnrs-nouragues.fr\/en\/wp-json\/wp\/v2\/media?parent=1145"}],"curies":[{"name":"wp","href":"https:\/\/api.w.org\/{rel}","templated":true}]}}